{"id":5852,"date":"2024-12-26T15:16:08","date_gmt":"2024-12-26T15:16:08","guid":{"rendered":"https:\/\/sabi-agri.com\/your-products\/"},"modified":"2025-04-03T12:10:15","modified_gmt":"2025-04-03T12:10:15","slug":"your-products","status":"publish","type":"page","link":"https:\/\/sabi-agri.com\/en\/your-products\/","title":{"rendered":"Vehicles"},"content":{"rendered":"\t\t<div data-elementor-type=\"wp-page\" data-elementor-id=\"5852\" class=\"elementor elementor-5852 elementor-1017\" data-elementor-post-type=\"page\">\n\t\t\t\t<div data-particle_enable=\"false\" data-particle-mobile-disabled=\"false\" class=\"elementor-element elementor-element-d8a91a7 e-con-full e-grid e-con e-parent\" data-id=\"d8a91a7\" data-element_type=\"container\" data-e-type=\"container\" data-settings=\"{&quot;background_background&quot;:&quot;classic&quot;}\">\n\t\t<div data-particle_enable=\"false\" data-particle-mobile-disabled=\"false\" class=\"elementor-element elementor-element-4e9e835 e-con-full e-flex e-con e-child\" data-id=\"4e9e835\" data-element_type=\"container\" data-e-type=\"container\" data-settings=\"{&quot;background_background&quot;:&quot;classic&quot;}\">\n\t\t\t\t<div class=\"elementor-element elementor-element-8e54277 elementor-widget elementor-widget-heading\" data-id=\"8e54277\" data-element_type=\"widget\" data-e-type=\"widget\" data-widget_type=\"heading.default\">\n\t\t\t\t<div class=\"elementor-widget-container\">\n\t\t\t\t\t<p class=\"elementor-heading-title elementor-size-default\">ZILUS<\/p>\t\t\t\t<\/div>\n\t\t\t\t<\/div>\n\t\t\t\t<div class=\"elementor-element elementor-element-61d480c elementor-widget elementor-widget-image\" data-id=\"61d480c\" data-element_type=\"widget\" data-e-type=\"widget\" data-widget_type=\"image.default\">\n\t\t\t\t<div class=\"elementor-widget-container\">\n\t\t\t\t\t\t\t\t\t\t\t\t\t\t\t<img fetchpriority=\"high\" decoding=\"async\" width=\"665\" height=\"616\" src=\"https:\/\/sabi-agri.com\/wp-content\/uploads\/2024\/12\/robotff79.png\" class=\"attachment-large size-large wp-image-703\" alt=\"\" srcset=\"https:\/\/sabi-agri.com\/wp-content\/uploads\/2024\/12\/robotff79.png 665w, https:\/\/sabi-agri.com\/wp-content\/uploads\/2024\/12\/robotff79-300x278.png 300w\" sizes=\"(max-width: 665px) 100vw, 665px\" \/>\t\t\t\t\t\t\t\t\t\t\t\t\t\t\t<\/div>\n\t\t\t\t<\/div>\n\t\t\t\t<div class=\"elementor-element elementor-element-672aef6 e-transform elementor-widget elementor-widget-button\" data-id=\"672aef6\" data-element_type=\"widget\" data-e-type=\"widget\" data-settings=\"{&quot;_transform_scale_effect_hover&quot;:{&quot;unit&quot;:&quot;px&quot;,&quot;size&quot;:0.93,&quot;sizes&quot;:[]},&quot;_transform_scale_effect_hover_tablet&quot;:{&quot;unit&quot;:&quot;px&quot;,&quot;size&quot;:&quot;&quot;,&quot;sizes&quot;:[]},&quot;_transform_scale_effect_hover_mobile&quot;:{&quot;unit&quot;:&quot;px&quot;,&quot;size&quot;:&quot;&quot;,&quot;sizes&quot;:[]}}\" data-widget_type=\"button.default\">\n\t\t\t\t<div class=\"elementor-widget-container\">\n\t\t\t\t\t\t\t\t\t<div class=\"elementor-button-wrapper\">\n\t\t\t\t\t<a class=\"elementor-button elementor-button-link elementor-size-sm\" href=\"https:\/\/sabi-agri.com\/nos-produits\/zilus\/\">\n\t\t\t\t\t\t<span class=\"elementor-button-content-wrapper\">\n\t\t\t\t\t\t\t\t\t<span class=\"elementor-button-text\">&nbsp;&nbsp;&nbsp;Discover it&nbsp;&nbsp;&nbsp;<\/span>\n\t\t\t\t\t<\/span>\n\t\t\t\t\t<\/a>\n\t\t\t\t<\/div>\n\t\t\t\t\t\t\t\t<\/div>\n\t\t\t\t<\/div>\n\t\t\t\t<\/div>\n\t\t<div data-particle_enable=\"false\" data-particle-mobile-disabled=\"false\" class=\"elementor-element elementor-element-e9a873f e-con-full e-flex e-con e-child\" data-id=\"e9a873f\" data-element_type=\"container\" data-e-type=\"container\" data-settings=\"{&quot;background_background&quot;:&quot;classic&quot;}\">\n\t\t\t\t<div class=\"elementor-element elementor-element-ebb5f3c elementor-widget elementor-widget-heading\" data-id=\"ebb5f3c\" data-element_type=\"widget\" data-e-type=\"widget\" data-widget_type=\"heading.default\">\n\t\t\t\t<div class=\"elementor-widget-container\">\n\t\t\t\t\t<p class=\"elementor-heading-title elementor-size-default\">ALPO<\/p>\t\t\t\t<\/div>\n\t\t\t\t<\/div>\n\t\t\t\t<div class=\"elementor-element elementor-element-00105fa elementor-widget elementor-widget-image\" data-id=\"00105fa\" data-element_type=\"widget\" data-e-type=\"widget\" data-widget_type=\"image.default\">\n\t\t\t\t<div class=\"elementor-widget-container\">\n\t\t\t\t\t\t\t\t\t\t\t\t\t\t\t<img decoding=\"async\" width=\"724\" height=\"616\" src=\"https:\/\/sabi-agri.com\/wp-content\/uploads\/2024\/12\/alpo.png\" class=\"attachment-large size-large wp-image-1045\" alt=\"\" srcset=\"https:\/\/sabi-agri.com\/wp-content\/uploads\/2024\/12\/alpo.png 724w, https:\/\/sabi-agri.com\/wp-content\/uploads\/2024\/12\/alpo-300x255.png 300w\" sizes=\"(max-width: 724px) 100vw, 724px\" \/>\t\t\t\t\t\t\t\t\t\t\t\t\t\t\t<\/div>\n\t\t\t\t<\/div>\n\t\t\t\t<div class=\"elementor-element elementor-element-3372313 e-transform elementor-widget elementor-widget-button\" data-id=\"3372313\" data-element_type=\"widget\" data-e-type=\"widget\" data-settings=\"{&quot;_transform_scale_effect_hover&quot;:{&quot;unit&quot;:&quot;px&quot;,&quot;size&quot;:0.93,&quot;sizes&quot;:[]},&quot;_transform_scale_effect_hover_tablet&quot;:{&quot;unit&quot;:&quot;px&quot;,&quot;size&quot;:&quot;&quot;,&quot;sizes&quot;:[]},&quot;_transform_scale_effect_hover_mobile&quot;:{&quot;unit&quot;:&quot;px&quot;,&quot;size&quot;:&quot;&quot;,&quot;sizes&quot;:[]}}\" data-widget_type=\"button.default\">\n\t\t\t\t<div class=\"elementor-widget-container\">\n\t\t\t\t\t\t\t\t\t<div class=\"elementor-button-wrapper\">\n\t\t\t\t\t<a class=\"elementor-button elementor-button-link elementor-size-sm\" href=\"https:\/\/sabi-agri.com\/nos-produits\/alpo\/\">\n\t\t\t\t\t\t<span class=\"elementor-button-content-wrapper\">\n\t\t\t\t\t\t\t\t\t<span class=\"elementor-button-text\">&nbsp;&nbsp;&nbsp;Discover it&nbsp;&nbsp;&nbsp;<\/span>\n\t\t\t\t\t<\/span>\n\t\t\t\t\t<\/a>\n\t\t\t\t<\/div>\n\t\t\t\t\t\t\t\t<\/div>\n\t\t\t\t<\/div>\n\t\t\t\t<\/div>\n\t\t<div data-particle_enable=\"false\" data-particle-mobile-disabled=\"false\" class=\"elementor-element elementor-element-485fbf8 e-con-full e-flex e-con e-child\" data-id=\"485fbf8\" data-element_type=\"container\" data-e-type=\"container\" data-settings=\"{&quot;background_background&quot;:&quot;classic&quot;}\">\n\t\t\t\t<div class=\"elementor-element elementor-element-68db34b elementor-widget elementor-widget-heading\" data-id=\"68db34b\" data-element_type=\"widget\" data-e-type=\"widget\" data-widget_type=\"heading.default\">\n\t\t\t\t<div class=\"elementor-widget-container\">\n\t\t\t\t\t<p class=\"elementor-heading-title elementor-size-default\">Volcam<\/p>\t\t\t\t<\/div>\n\t\t\t\t<\/div>\n\t\t\t\t<div class=\"elementor-element elementor-element-69c4537 elementor-widget elementor-widget-image\" data-id=\"69c4537\" data-element_type=\"widget\" data-e-type=\"widget\" data-widget_type=\"image.default\">\n\t\t\t\t<div class=\"elementor-widget-container\">\n\t\t\t\t\t\t\t\t\t\t\t\t\t\t\t<img decoding=\"async\" width=\"724\" height=\"616\" src=\"https:\/\/sabi-agri.com\/wp-content\/uploads\/2025\/03\/volcam-2025.png\" class=\"attachment-large size-large wp-image-5072\" alt=\"\" srcset=\"https:\/\/sabi-agri.com\/wp-content\/uploads\/2025\/03\/volcam-2025.png 724w, https:\/\/sabi-agri.com\/wp-content\/uploads\/2025\/03\/volcam-2025-300x255.png 300w\" sizes=\"(max-width: 724px) 100vw, 724px\" \/>\t\t\t\t\t\t\t\t\t\t\t\t\t\t\t<\/div>\n\t\t\t\t<\/div>\n\t\t\t\t<div class=\"elementor-element elementor-element-1b8462f e-transform elementor-widget elementor-widget-button\" data-id=\"1b8462f\" data-element_type=\"widget\" data-e-type=\"widget\" data-settings=\"{&quot;_transform_scale_effect_hover&quot;:{&quot;unit&quot;:&quot;px&quot;,&quot;size&quot;:0.93,&quot;sizes&quot;:[]},&quot;_transform_scale_effect_hover_tablet&quot;:{&quot;unit&quot;:&quot;px&quot;,&quot;size&quot;:&quot;&quot;,&quot;sizes&quot;:[]},&quot;_transform_scale_effect_hover_mobile&quot;:{&quot;unit&quot;:&quot;px&quot;,&quot;size&quot;:&quot;&quot;,&quot;sizes&quot;:[]}}\" data-widget_type=\"button.default\">\n\t\t\t\t<div class=\"elementor-widget-container\">\n\t\t\t\t\t\t\t\t\t<div class=\"elementor-button-wrapper\">\n\t\t\t\t\t<a class=\"elementor-button elementor-button-link elementor-size-sm\" href=\"https:\/\/sabi-agri.com\/nos-produits\/volcam\/\">\n\t\t\t\t\t\t<span class=\"elementor-button-content-wrapper\">\n\t\t\t\t\t\t\t\t\t<span class=\"elementor-button-text\">&nbsp;&nbsp;&nbsp;Discover it&nbsp;&nbsp;&nbsp;<\/span>\n\t\t\t\t\t<\/span>\n\t\t\t\t\t<\/a>\n\t\t\t\t<\/div>\n\t\t\t\t\t\t\t\t<\/div>\n\t\t\t\t<\/div>\n\t\t\t\t<\/div>\n\t\t\t\t<\/div>\n\t\t<div data-particle_enable=\"false\" data-particle-mobile-disabled=\"false\" class=\"elementor-element elementor-element-11837bf e-con-full e-flex e-con e-parent\" data-id=\"11837bf\" data-element_type=\"container\" data-e-type=\"container\" data-settings=\"{&quot;background_background&quot;:&quot;classic&quot;}\">\n\t\t<div data-particle_enable=\"false\" data-particle-mobile-disabled=\"false\" class=\"elementor-element elementor-element-7046b2e e-flex e-con-boxed e-con e-child\" data-id=\"7046b2e\" data-element_type=\"container\" data-e-type=\"container\" data-settings=\"{&quot;background_background&quot;:&quot;classic&quot;}\">\n\t\t\t\t\t<div class=\"e-con-inner\">\n\t\t\t\t<div class=\"elementor-element elementor-element-c704322 elementor-widget elementor-widget-heading\" data-id=\"c704322\" data-element_type=\"widget\" data-e-type=\"widget\" data-widget_type=\"heading.default\">\n\t\t\t\t<div class=\"elementor-widget-container\">\n\t\t\t\t\t<p class=\"elementor-heading-title elementor-size-default\">Request a demo<\/p>\t\t\t\t<\/div>\n\t\t\t\t<\/div>\n\t\t<div data-particle_enable=\"false\" data-particle-mobile-disabled=\"false\" class=\"elementor-element elementor-element-62e422f e-con-full e-transform e-flex e-con e-child\" data-id=\"62e422f\" data-element_type=\"container\" data-e-type=\"container\" data-settings=\"{&quot;_transform_scale_effect_hover&quot;:{&quot;unit&quot;:&quot;px&quot;,&quot;size&quot;:0.9,&quot;sizes&quot;:[]},&quot;_transform_scale_effect_hover_tablet&quot;:{&quot;unit&quot;:&quot;px&quot;,&quot;size&quot;:&quot;&quot;,&quot;sizes&quot;:[]},&quot;_transform_scale_effect_hover_mobile&quot;:{&quot;unit&quot;:&quot;px&quot;,&quot;size&quot;:&quot;&quot;,&quot;sizes&quot;:[]}}\">\n\t\t\t\t<div class=\"elementor-element elementor-element-02f9545 elementor-widget elementor-widget-button\" data-id=\"02f9545\" data-element_type=\"widget\" data-e-type=\"widget\" data-widget_type=\"button.default\">\n\t\t\t\t<div class=\"elementor-widget-container\">\n\t\t\t\t\t\t\t\t\t<div class=\"elementor-button-wrapper\">\n\t\t\t\t\t<a class=\"elementor-button elementor-button-link elementor-size-sm\" href=\"https:\/\/sabi-agri.com\/demo\/\">\n\t\t\t\t\t\t<span class=\"elementor-button-content-wrapper\">\n\t\t\t\t\t\t\t\t\t<span class=\"elementor-button-text\">Let\u2019s talk<\/span>\n\t\t\t\t\t<\/span>\n\t\t\t\t\t<\/a>\n\t\t\t\t<\/div>\n\t\t\t\t\t\t\t\t<\/div>\n\t\t\t\t<\/div>\n\t\t\t\t<div class=\"elementor-element elementor-element-1b6e7ad elementor-align-left elementor-widget elementor-widget-button\" data-id=\"1b6e7ad\" data-element_type=\"widget\" data-e-type=\"widget\" data-widget_type=\"button.default\">\n\t\t\t\t<div class=\"elementor-widget-container\">\n\t\t\t\t\t\t\t\t\t<div class=\"elementor-button-wrapper\">\n\t\t\t\t\t<a class=\"elementor-button elementor-button-link elementor-size-sm\" href=\"https:\/\/sabi-agri.com\/demo\/\">\n\t\t\t\t\t\t<span class=\"elementor-button-content-wrapper\">\n\t\t\t\t\t\t<span class=\"elementor-button-icon\">\n\t\t\t\t<svg aria-hidden=\"true\" class=\"e-font-icon-svg e-fas-play\" viewBox=\"0 0 448 512\" xmlns=\"http:\/\/www.w3.org\/2000\/svg\"><path d=\"M424.4 214.7L72.4 6.6C43.8-10.3 0 6.1 0 47.9V464c0 37.5 40.7 60.1 72.4 41.3l352-208c31.4-18.5 31.5-64.1 0-82.6z\"><\/path><\/svg>\t\t\t<\/span>\n\t\t\t\t\t\t\t\t\t<span class=\"elementor-button-text\">&nbsp;<\/span>\n\t\t\t\t\t<\/span>\n\t\t\t\t\t<\/a>\n\t\t\t\t<\/div>\n\t\t\t\t\t\t\t\t<\/div>\n\t\t\t\t<\/div>\n\t\t\t\t<\/div>\n\t\t\t\t\t<\/div>\n\t\t\t\t<\/div>\n\t\t\t\t<\/div>\n\t\t\t\t<\/div>\n\t\t","protected":false},"excerpt":{"rendered":"<p>ZILUS &nbsp;&nbsp;&nbsp;Discover it&nbsp;&nbsp;&nbsp; ALPO &nbsp;&nbsp;&nbsp;Discover it&nbsp;&nbsp;&nbsp; Volcam &nbsp;&nbsp;&nbsp;Discover it&nbsp;&nbsp;&nbsp; Request a demo Let\u2019s talk &nbsp;<\/p>\n","protected":false},"author":1,"featured_media":0,"parent":0,"menu_order":1,"comment_status":"closed","ping_status":"closed","template":"elementor_header_footer","meta":{"inline_featured_image":false,"ocean_post_layout":"","ocean_both_sidebars_style":"","ocean_both_sidebars_content_width":0,"ocean_both_sidebars_sidebars_width":0,"ocean_sidebar":"","ocean_second_sidebar":"","ocean_disable_margins":"enable","ocean_add_body_class":"","ocean_shortcode_before_top_bar":"","ocean_shortcode_after_top_bar":"","ocean_shortcode_before_header":"","ocean_shortcode_after_header":"","ocean_has_shortcode":"","ocean_shortcode_after_title":"","ocean_shortcode_before_footer_widgets":"","ocean_shortcode_after_footer_widgets":"","ocean_shortcode_before_footer_bottom":"","ocean_shortcode_after_footer_bottom":"","ocean_display_top_bar":"default","ocean_display_header":"default","ocean_header_style":"","ocean_center_header_left_menu":"","ocean_custom_header_template":"","ocean_custom_logo":0,"ocean_custom_retina_logo":0,"ocean_custom_logo_max_width":0,"ocean_custom_logo_tablet_max_width":0,"ocean_custom_logo_mobile_max_width":0,"ocean_custom_logo_max_height":0,"ocean_custom_logo_tablet_max_height":0,"ocean_custom_logo_mobile_max_height":0,"ocean_header_custom_menu":"","ocean_menu_typo_font_family":"","ocean_menu_typo_font_subset":"","ocean_menu_typo_font_size":0,"ocean_menu_typo_font_size_tablet":0,"ocean_menu_typo_font_size_mobile":0,"ocean_menu_typo_font_size_unit":"px","ocean_menu_typo_font_weight":"","ocean_menu_typo_font_weight_tablet":"","ocean_menu_typo_font_weight_mobile":"","ocean_menu_typo_transform":"","ocean_menu_typo_transform_tablet":"","ocean_menu_typo_transform_mobile":"","ocean_menu_typo_line_height":0,"ocean_menu_typo_line_height_tablet":0,"ocean_menu_typo_line_height_mobile":0,"ocean_menu_typo_line_height_unit":"","ocean_menu_typo_spacing":0,"ocean_menu_typo_spacing_tablet":0,"ocean_menu_typo_spacing_mobile":0,"ocean_menu_typo_spacing_unit":"","ocean_menu_link_color":"","ocean_menu_link_color_hover":"","ocean_menu_link_color_active":"","ocean_menu_link_background":"","ocean_menu_link_hover_background":"","ocean_menu_link_active_background":"","ocean_menu_social_links_bg":"","ocean_menu_social_hover_links_bg":"","ocean_menu_social_links_color":"","ocean_menu_social_hover_links_color":"","ocean_disable_title":"default","ocean_disable_heading":"default","ocean_post_title":"","ocean_post_subheading":"","ocean_post_title_style":"","ocean_post_title_background_color":"","ocean_post_title_background":0,"ocean_post_title_bg_image_position":"","ocean_post_title_bg_image_attachment":"","ocean_post_title_bg_image_repeat":"","ocean_post_title_bg_image_size":"","ocean_post_title_height":0,"ocean_post_title_bg_overlay":0.5,"ocean_post_title_bg_overlay_color":"","ocean_disable_breadcrumbs":"default","ocean_breadcrumbs_color":"","ocean_breadcrumbs_separator_color":"","ocean_breadcrumbs_links_color":"","ocean_breadcrumbs_links_hover_color":"","ocean_display_footer_widgets":"default","ocean_display_footer_bottom":"default","ocean_custom_footer_template":"","footnotes":""},"class_list":["post-5852","page","type-page","status-publish","hentry","entry"],"yoast_head":"<!-- This site is optimized with the Yoast SEO plugin v27.4 - https:\/\/yoast.com\/product\/yoast-seo-wordpress\/ -->\n<title>Vehicles - SABIAGRI<\/title>\n<meta name=\"description\" content=\"SABI AGRI d\u00e9carbone l&#039;agriculture gr\u00e2ce \u00e0 ses technologies durables. Nous concevons et fabriquons, en France, des tracteurs et des robots 100 % \u00e9lectriques\" \/>\n<meta name=\"robots\" content=\"index, follow, max-snippet:-1, max-image-preview:large, max-video-preview:-1\" \/>\n<link rel=\"canonical\" href=\"https:\/\/sabi-agri.com\/en\/your-products\/\" \/>\n<meta property=\"og:locale\" content=\"en_US\" \/>\n<meta property=\"og:type\" content=\"article\" \/>\n<meta property=\"og:title\" content=\"Vehicles - SABIAGRI\" \/>\n<meta property=\"og:description\" content=\"SABI AGRI d\u00e9carbone l&#039;agriculture gr\u00e2ce \u00e0 ses technologies durables. Nous concevons et fabriquons, en France, des tracteurs et des robots 100 % \u00e9lectriques\" \/>\n<meta property=\"og:url\" content=\"https:\/\/sabi-agri.com\/en\/your-products\/\" \/>\n<meta property=\"og:site_name\" content=\"SABIAGRI\" \/>\n<meta property=\"article:publisher\" content=\"https:\/\/www.facebook.com\/SabiAgri\" \/>\n<meta property=\"article:modified_time\" content=\"2025-04-03T12:10:15+00:00\" \/>\n<meta property=\"og:image\" content=\"https:\/\/sabi-agri.com\/wp-content\/uploads\/2024\/12\/robotff79.png\" \/>\n\t<meta property=\"og:image:width\" content=\"665\" \/>\n\t<meta property=\"og:image:height\" content=\"616\" \/>\n\t<meta property=\"og:image:type\" content=\"image\/png\" \/>\n<meta name=\"twitter:card\" content=\"summary_large_image\" \/>\n<meta name=\"twitter:site\" content=\"@sas_sabiagri\" \/>\n<script type=\"application\/ld+json\" class=\"yoast-schema-graph\">{\"@context\":\"https:\\\/\\\/schema.org\",\"@graph\":[{\"@type\":\"WebPage\",\"@id\":\"https:\\\/\\\/sabi-agri.com\\\/en\\\/your-products\\\/\",\"url\":\"https:\\\/\\\/sabi-agri.com\\\/en\\\/your-products\\\/\",\"name\":\"Vehicles - SABIAGRI\",\"isPartOf\":{\"@id\":\"https:\\\/\\\/sabi-agri.com\\\/#website\"},\"primaryImageOfPage\":{\"@id\":\"https:\\\/\\\/sabi-agri.com\\\/en\\\/your-products\\\/#primaryimage\"},\"image\":{\"@id\":\"https:\\\/\\\/sabi-agri.com\\\/en\\\/your-products\\\/#primaryimage\"},\"thumbnailUrl\":\"https:\\\/\\\/sabi-agri.com\\\/wp-content\\\/uploads\\\/2024\\\/12\\\/robotff79.png\",\"datePublished\":\"2024-12-26T15:16:08+00:00\",\"dateModified\":\"2025-04-03T12:10:15+00:00\",\"description\":\"SABI AGRI d\u00e9carbone l'agriculture gr\u00e2ce \u00e0 ses technologies durables. Nous concevons et fabriquons, en France, des tracteurs et des robots 100 % \u00e9lectriques\",\"breadcrumb\":{\"@id\":\"https:\\\/\\\/sabi-agri.com\\\/en\\\/your-products\\\/#breadcrumb\"},\"inLanguage\":\"en-US\",\"potentialAction\":[{\"@type\":\"ReadAction\",\"target\":[\"https:\\\/\\\/sabi-agri.com\\\/en\\\/your-products\\\/\"]}]},{\"@type\":\"ImageObject\",\"inLanguage\":\"en-US\",\"@id\":\"https:\\\/\\\/sabi-agri.com\\\/en\\\/your-products\\\/#primaryimage\",\"url\":\"https:\\\/\\\/sabi-agri.com\\\/wp-content\\\/uploads\\\/2024\\\/12\\\/robotff79.png\",\"contentUrl\":\"https:\\\/\\\/sabi-agri.com\\\/wp-content\\\/uploads\\\/2024\\\/12\\\/robotff79.png\"},{\"@type\":\"BreadcrumbList\",\"@id\":\"https:\\\/\\\/sabi-agri.com\\\/en\\\/your-products\\\/#breadcrumb\",\"itemListElement\":[{\"@type\":\"ListItem\",\"position\":1,\"name\":\"Accueil\",\"item\":\"https:\\\/\\\/sabi-agri.com\\\/en\\\/\"},{\"@type\":\"ListItem\",\"position\":2,\"name\":\"Vehicles\"}]},{\"@type\":\"WebSite\",\"@id\":\"https:\\\/\\\/sabi-agri.com\\\/#website\",\"url\":\"https:\\\/\\\/sabi-agri.com\\\/\",\"name\":\"SABIAGRI\",\"description\":\"Les agro\u00e9quipements au service de l&#039;agro\u00e9cologie\",\"publisher\":{\"@id\":\"https:\\\/\\\/sabi-agri.com\\\/#organization\"},\"potentialAction\":[{\"@type\":\"SearchAction\",\"target\":{\"@type\":\"EntryPoint\",\"urlTemplate\":\"https:\\\/\\\/sabi-agri.com\\\/?s={search_term_string}\"},\"query-input\":{\"@type\":\"PropertyValueSpecification\",\"valueRequired\":true,\"valueName\":\"search_term_string\"}}],\"inLanguage\":\"en-US\"},{\"@type\":\"Organization\",\"@id\":\"https:\\\/\\\/sabi-agri.com\\\/#organization\",\"name\":\"SABIAGRI\",\"url\":\"https:\\\/\\\/sabi-agri.com\\\/\",\"logo\":{\"@type\":\"ImageObject\",\"inLanguage\":\"en-US\",\"@id\":\"https:\\\/\\\/sabi-agri.com\\\/#\\\/schema\\\/logo\\\/image\\\/\",\"url\":\"https:\\\/\\\/sabi-agri.com\\\/wp-content\\\/uploads\\\/2025\\\/01\\\/logo-carre-3.png\",\"contentUrl\":\"https:\\\/\\\/sabi-agri.com\\\/wp-content\\\/uploads\\\/2025\\\/01\\\/logo-carre-3.png\",\"width\":300,\"height\":223,\"caption\":\"SABIAGRI\"},\"image\":{\"@id\":\"https:\\\/\\\/sabi-agri.com\\\/#\\\/schema\\\/logo\\\/image\\\/\"},\"sameAs\":[\"https:\\\/\\\/www.facebook.com\\\/SabiAgri\",\"https:\\\/\\\/x.com\\\/sas_sabiagri\",\"https:\\\/\\\/www.instagram.com\\\/sabiagri\\\/\",\"https:\\\/\\\/www.linkedin.com\\\/company\\\/sabi-agri\\\/\",\"https:\\\/\\\/www.youtube.com\\\/channel\\\/UCM5nlLm84x8DSRiQpeIpX0A\"]}]}<\/script>\n<!-- \/ Yoast SEO plugin. -->","yoast_head_json":{"title":"Vehicles - SABIAGRI","description":"SABI AGRI d\u00e9carbone l'agriculture gr\u00e2ce \u00e0 ses technologies durables. Nous concevons et fabriquons, en France, des tracteurs et des robots 100 % \u00e9lectriques","robots":{"index":"index","follow":"follow","max-snippet":"max-snippet:-1","max-image-preview":"max-image-preview:large","max-video-preview":"max-video-preview:-1"},"canonical":"https:\/\/sabi-agri.com\/en\/your-products\/","og_locale":"en_US","og_type":"article","og_title":"Vehicles - SABIAGRI","og_description":"SABI AGRI d\u00e9carbone l'agriculture gr\u00e2ce \u00e0 ses technologies durables. Nous concevons et fabriquons, en France, des tracteurs et des robots 100 % \u00e9lectriques","og_url":"https:\/\/sabi-agri.com\/en\/your-products\/","og_site_name":"SABIAGRI","article_publisher":"https:\/\/www.facebook.com\/SabiAgri","article_modified_time":"2025-04-03T12:10:15+00:00","og_image":[{"width":665,"height":616,"url":"https:\/\/sabi-agri.com\/wp-content\/uploads\/2024\/12\/robotff79.png","type":"image\/png"}],"twitter_card":"summary_large_image","twitter_site":"@sas_sabiagri","schema":{"@context":"https:\/\/schema.org","@graph":[{"@type":"WebPage","@id":"https:\/\/sabi-agri.com\/en\/your-products\/","url":"https:\/\/sabi-agri.com\/en\/your-products\/","name":"Vehicles - SABIAGRI","isPartOf":{"@id":"https:\/\/sabi-agri.com\/#website"},"primaryImageOfPage":{"@id":"https:\/\/sabi-agri.com\/en\/your-products\/#primaryimage"},"image":{"@id":"https:\/\/sabi-agri.com\/en\/your-products\/#primaryimage"},"thumbnailUrl":"https:\/\/sabi-agri.com\/wp-content\/uploads\/2024\/12\/robotff79.png","datePublished":"2024-12-26T15:16:08+00:00","dateModified":"2025-04-03T12:10:15+00:00","description":"SABI AGRI d\u00e9carbone l'agriculture gr\u00e2ce \u00e0 ses technologies durables. Nous concevons et fabriquons, en France, des tracteurs et des robots 100 % \u00e9lectriques","breadcrumb":{"@id":"https:\/\/sabi-agri.com\/en\/your-products\/#breadcrumb"},"inLanguage":"en-US","potentialAction":[{"@type":"ReadAction","target":["https:\/\/sabi-agri.com\/en\/your-products\/"]}]},{"@type":"ImageObject","inLanguage":"en-US","@id":"https:\/\/sabi-agri.com\/en\/your-products\/#primaryimage","url":"https:\/\/sabi-agri.com\/wp-content\/uploads\/2024\/12\/robotff79.png","contentUrl":"https:\/\/sabi-agri.com\/wp-content\/uploads\/2024\/12\/robotff79.png"},{"@type":"BreadcrumbList","@id":"https:\/\/sabi-agri.com\/en\/your-products\/#breadcrumb","itemListElement":[{"@type":"ListItem","position":1,"name":"Accueil","item":"https:\/\/sabi-agri.com\/en\/"},{"@type":"ListItem","position":2,"name":"Vehicles"}]},{"@type":"WebSite","@id":"https:\/\/sabi-agri.com\/#website","url":"https:\/\/sabi-agri.com\/","name":"SABIAGRI","description":"Les agro\u00e9quipements au service de l&#039;agro\u00e9cologie","publisher":{"@id":"https:\/\/sabi-agri.com\/#organization"},"potentialAction":[{"@type":"SearchAction","target":{"@type":"EntryPoint","urlTemplate":"https:\/\/sabi-agri.com\/?s={search_term_string}"},"query-input":{"@type":"PropertyValueSpecification","valueRequired":true,"valueName":"search_term_string"}}],"inLanguage":"en-US"},{"@type":"Organization","@id":"https:\/\/sabi-agri.com\/#organization","name":"SABIAGRI","url":"https:\/\/sabi-agri.com\/","logo":{"@type":"ImageObject","inLanguage":"en-US","@id":"https:\/\/sabi-agri.com\/#\/schema\/logo\/image\/","url":"https:\/\/sabi-agri.com\/wp-content\/uploads\/2025\/01\/logo-carre-3.png","contentUrl":"https:\/\/sabi-agri.com\/wp-content\/uploads\/2025\/01\/logo-carre-3.png","width":300,"height":223,"caption":"SABIAGRI"},"image":{"@id":"https:\/\/sabi-agri.com\/#\/schema\/logo\/image\/"},"sameAs":["https:\/\/www.facebook.com\/SabiAgri","https:\/\/x.com\/sas_sabiagri","https:\/\/www.instagram.com\/sabiagri\/","https:\/\/www.linkedin.com\/company\/sabi-agri\/","https:\/\/www.youtube.com\/channel\/UCM5nlLm84x8DSRiQpeIpX0A"]}]}},"_links":{"self":[{"href":"https:\/\/sabi-agri.com\/en\/wp-json\/wp\/v2\/pages\/5852","targetHints":{"allow":["GET"]}}],"collection":[{"href":"https:\/\/sabi-agri.com\/en\/wp-json\/wp\/v2\/pages"}],"about":[{"href":"https:\/\/sabi-agri.com\/en\/wp-json\/wp\/v2\/types\/page"}],"author":[{"embeddable":true,"href":"https:\/\/sabi-agri.com\/en\/wp-json\/wp\/v2\/users\/1"}],"replies":[{"embeddable":true,"href":"https:\/\/sabi-agri.com\/en\/wp-json\/wp\/v2\/comments?post=5852"}],"version-history":[{"count":0,"href":"https:\/\/sabi-agri.com\/en\/wp-json\/wp\/v2\/pages\/5852\/revisions"}],"wp:attachment":[{"href":"https:\/\/sabi-agri.com\/en\/wp-json\/wp\/v2\/media?parent=5852"}],"curies":[{"name":"wp","href":"https:\/\/api.w.org\/{rel}","templated":true}]}}