{"id":6062,"date":"2025-01-07T16:39:09","date_gmt":"2025-01-07T14:39:09","guid":{"rendered":"https:\/\/sabi-agri.com\/contact-en\/"},"modified":"2025-12-05T16:28:23","modified_gmt":"2025-12-05T14:28:23","slug":"contact-en","status":"publish","type":"page","link":"https:\/\/sabi-agri.com\/en\/contact-en\/","title":{"rendered":"Contact"},"content":{"rendered":"\t\t<div data-elementor-type=\"wp-page\" data-elementor-id=\"6062\" class=\"elementor elementor-6062 elementor-2416\" data-elementor-post-type=\"page\">\n\t\t\t\t<div data-particle_enable=\"false\" data-particle-mobile-disabled=\"false\" class=\"elementor-element elementor-element-64d805c6 e-con-full e-flex e-con e-parent\" data-id=\"64d805c6\" data-element_type=\"container\" data-e-type=\"container\" data-settings=\"{&quot;background_background&quot;:&quot;classic&quot;}\">\n\t\t<div data-particle_enable=\"false\" data-particle-mobile-disabled=\"false\" class=\"elementor-element elementor-element-07ba200 e-flex e-con-boxed e-con e-child\" data-id=\"07ba200\" data-element_type=\"container\" data-e-type=\"container\" data-settings=\"{&quot;background_background&quot;:&quot;classic&quot;}\">\n\t\t\t\t\t<div class=\"e-con-inner\">\n\t\t<div data-particle_enable=\"false\" data-particle-mobile-disabled=\"false\" class=\"elementor-element elementor-element-a3a8d66 e-con-full e-flex e-con e-child\" data-id=\"a3a8d66\" data-element_type=\"container\" data-e-type=\"container\" data-settings=\"{&quot;background_background&quot;:&quot;classic&quot;}\">\n\t\t\t\t<div class=\"elementor-element elementor-element-371941b elementor-widget elementor-widget-html\" data-id=\"371941b\" data-element_type=\"widget\" data-e-type=\"widget\" data-widget_type=\"html.default\">\n\t\t\t\t<div class=\"elementor-widget-container\">\n\t\t\t\t\t<button onclick=\"history.go(-1);\" class=\"bt-retour\"><svg xmlns=\"http:\/\/www.w3.org\/2000\/svg\" aria-hidden=\"true\" class=\"bt-retour-caret\" viewbox=\"0 0 192 512\"><path d=\"M192 127.338v257.324c0 17.818-21.543 26.741-34.142 14.142L29.196 270.142c-7.81-7.81-7.81-20.474 0-28.284l128.662-128.662c12.599-12.6 34.142-3.676 34.142 14.142z\"><\/path><\/svg> back<\/button>\n\t\t\t\t<\/div>\n\t\t\t\t<\/div>\n\t\t\t\t<div class=\"elementor-element elementor-element-a8aed98 elementor-widget elementor-widget-heading\" data-id=\"a8aed98\" data-element_type=\"widget\" data-e-type=\"widget\" data-widget_type=\"heading.default\">\n\t\t\t\t<div class=\"elementor-widget-container\">\n\t\t\t\t\t<p class=\"elementor-heading-title elementor-size-default\">Fill in the form<\/p>\t\t\t\t<\/div>\n\t\t\t\t<\/div>\n\t\t\t\t<\/div>\n\t\t\t\t<div class=\"elementor-element elementor-element-cd3be26 elementor-button-align-end elementor-widget elementor-widget-form\" data-id=\"cd3be26\" data-element_type=\"widget\" data-e-type=\"widget\" data-settings=\"{&quot;step_next_label&quot;:&quot;Next&quot;,&quot;step_previous_label&quot;:&quot;Previous&quot;,&quot;button_width&quot;:&quot;100&quot;,&quot;step_type&quot;:&quot;number_text&quot;,&quot;step_icon_shape&quot;:&quot;circle&quot;}\" data-widget_type=\"form.default\">\n\t\t\t\t<div class=\"elementor-widget-container\">\n\t\t\t\t\t\t\t<form class=\"elementor-form\" method=\"post\" name=\"contact-en\" aria-label=\"contact-en\">\n\t\t\t<input type=\"hidden\" name=\"post_id\" value=\"6062\"\/>\n\t\t\t<input type=\"hidden\" name=\"form_id\" value=\"cd3be26\"\/>\n\t\t\t<input type=\"hidden\" name=\"referer_title\" value=\"Contact - SABIAGRI\" \/>\n\n\t\t\t\t\t\t\t<input type=\"hidden\" name=\"queried_id\" value=\"6062\"\/>\n\t\t\t\n\t\t\t<div class=\"elementor-form-fields-wrapper elementor-labels-\">\n\t\t\t\t\t\t\t\t<div class=\"elementor-field-type-text elementor-field-group elementor-column elementor-field-group-name elementor-col-50 elementor-field-required\">\n\t\t\t\t\t\t\t\t\t\t\t\t<label for=\"form-field-name\" class=\"elementor-field-label elementor-screen-only\">\n\t\t\t\t\t\t\t\tName\t\t\t\t\t\t\t<\/label>\n\t\t\t\t\t\t\t\t\t\t\t\t\t\t<input size=\"1\" type=\"text\" name=\"form_fields[name]\" id=\"form-field-name\" class=\"elementor-field elementor-size-md  elementor-field-textual\" placeholder=\"Name*\" required=\"required\">\n\t\t\t\t\t\t\t\t\t\t\t<\/div>\n\t\t\t\t\t\t\t\t<div class=\"elementor-field-type-text elementor-field-group elementor-column elementor-field-group-field_e70cf57 elementor-col-50 elementor-field-required\">\n\t\t\t\t\t\t\t\t\t\t\t\t<label for=\"form-field-field_e70cf57\" class=\"elementor-field-label elementor-screen-only\">\n\t\t\t\t\t\t\t\tFirst name\t\t\t\t\t\t\t<\/label>\n\t\t\t\t\t\t\t\t\t\t\t\t\t\t<input size=\"1\" type=\"text\" name=\"form_fields[field_e70cf57]\" id=\"form-field-field_e70cf57\" class=\"elementor-field elementor-size-md  elementor-field-textual\" placeholder=\"First name *\" required=\"required\">\n\t\t\t\t\t\t\t\t\t\t\t<\/div>\n\t\t\t\t\t\t\t\t<div class=\"elementor-field-type-email elementor-field-group elementor-column elementor-field-group-email elementor-col-50 elementor-field-required\">\n\t\t\t\t\t\t\t\t\t\t\t\t<label for=\"form-field-email\" class=\"elementor-field-label elementor-screen-only\">\n\t\t\t\t\t\t\t\tE-mail\t\t\t\t\t\t\t<\/label>\n\t\t\t\t\t\t\t\t\t\t\t\t\t\t<input size=\"1\" type=\"email\" name=\"form_fields[email]\" id=\"form-field-email\" class=\"elementor-field elementor-size-md  elementor-field-textual\" placeholder=\"E-mail*\" required=\"required\">\n\t\t\t\t\t\t\t\t\t\t\t<\/div>\n\t\t\t\t\t\t\t\t<div class=\"elementor-field-type-tel elementor-field-group elementor-column elementor-field-group-field_c1333a0 elementor-col-50 elementor-field-required\">\n\t\t\t\t\t\t\t\t\t\t\t\t<label for=\"form-field-field_c1333a0\" class=\"elementor-field-label elementor-screen-only\">\n\t\t\t\t\t\t\t\tPhone\t\t\t\t\t\t\t<\/label>\n\t\t\t\t\t\t\t\t<input size=\"1\" type=\"tel\" name=\"form_fields[field_c1333a0]\" id=\"form-field-field_c1333a0\" class=\"elementor-field elementor-size-md  elementor-field-textual\" placeholder=\"Phone*\" required=\"required\" pattern=\"[0-9()#&amp;+*-=.]+\" title=\"Only numbers and phone characters (#, -, *, etc) are accepted.\">\n\n\t\t\t\t\t\t<\/div>\n\t\t\t\t\t\t\t\t<div class=\"elementor-field-type-select elementor-field-group elementor-column elementor-field-group-field_9c21b61 elementor-col-100\">\n\t\t\t\t\t\t\t\t\t\t\t\t<label for=\"form-field-field_9c21b61\" class=\"elementor-field-label elementor-screen-only\">\n\t\t\t\t\t\t\t\tYour profile\t\t\t\t\t\t\t<\/label>\n\t\t\t\t\t\t\t\t<div class=\"elementor-field elementor-select-wrapper remove-before \">\n\t\t\t<div class=\"select-caret-down-wrapper\">\n\t\t\t\t<svg aria-hidden=\"true\" class=\"e-font-icon-svg e-eicon-caret-down\" viewBox=\"0 0 571.4 571.4\" xmlns=\"http:\/\/www.w3.org\/2000\/svg\"><path d=\"M571 393Q571 407 561 418L311 668Q300 679 286 679T261 668L11 418Q0 407 0 393T11 368 36 357H536Q550 357 561 368T571 393Z\"><\/path><\/svg>\t\t\t<\/div>\n\t\t\t<select name=\"form_fields[field_9c21b61]\" id=\"form-field-field_9c21b61\" class=\"elementor-field-textual elementor-size-md\">\n\t\t\t\t\t\t\t\t\t<option value=\"Your profile\">Your profile<\/option>\n\t\t\t\t\t\t\t\t\t<option value=\"Farmer\">Farmer<\/option>\n\t\t\t\t\t\t\t\t\t<option value=\"Teacher\">Teacher<\/option>\n\t\t\t\t\t\t\t\t\t<option value=\"Journalist\">Journalist<\/option>\n\t\t\t\t\t\t\t\t\t<option value=\"Municipalities\">Municipalities<\/option>\n\t\t\t\t\t\t\t\t\t<option value=\"Concerned citizen\">Concerned citizen<\/option>\n\t\t\t\t\t\t\t\t\t<option value=\"Consultant\">Consultant<\/option>\n\t\t\t\t\t\t\t<\/select>\n\t\t<\/div>\n\t\t\t\t\t\t<\/div>\n\t\t\t\t\t\t\t\t<div class=\"elementor-field-type-textarea elementor-field-group elementor-column elementor-field-group-message elementor-col-100\">\n\t\t\t\t\t\t\t\t\t\t\t\t<label for=\"form-field-message\" class=\"elementor-field-label elementor-screen-only\">\n\t\t\t\t\t\t\t\tMessage\t\t\t\t\t\t\t<\/label>\n\t\t\t\t\t\t<textarea class=\"elementor-field-textual elementor-field  elementor-size-md\" name=\"form_fields[message]\" id=\"form-field-message\" rows=\"6\" placeholder=\"Message\"><\/textarea>\t\t\t\t<\/div>\n\t\t\t\t\t\t\t\t<div class=\"elementor-field-type-html elementor-field-group elementor-column elementor-field-group-field_43c05ee elementor-col-100\">\n\t\t\t\t\t* Required fields\t\t\t\t<\/div>\n\t\t\t\t\t\t\t\t<div class=\"elementor-field-group elementor-column elementor-field-type-submit elementor-col-100 e-form__buttons\">\n\t\t\t\t\t<button class=\"elementor-button elementor-size-sm\" type=\"submit\">\n\t\t\t\t\t\t<span class=\"elementor-button-content-wrapper\">\n\t\t\t\t\t\t\t\t\t\t\t\t\t\t\t\t\t\t\t\t\t\t<span class=\"elementor-button-text\">Submit<\/span>\n\t\t\t\t\t\t\t\t\t\t\t\t\t<\/span>\n\t\t\t\t\t<\/button>\n\t\t\t\t<\/div>\n\t\t\t<\/div>\n\t\t<\/form>\n\t\t\t\t\t\t<\/div>\n\t\t\t\t<\/div>\n\t\t\t\t\t<\/div>\n\t\t\t\t<\/div>\n\t\t\t\t<\/div>\n\t\t<div data-particle_enable=\"false\" data-particle-mobile-disabled=\"false\" class=\"elementor-element elementor-element-136e785 e-con-full e-flex e-con e-parent\" data-id=\"136e785\" data-element_type=\"container\" data-e-type=\"container\">\n\t\t\t\t<div class=\"elementor-element elementor-element-d8d4c84 elementor-widget elementor-widget-heading\" data-id=\"d8d4c84\" data-element_type=\"widget\" data-e-type=\"widget\" data-widget_type=\"heading.default\">\n\t\t\t\t<div class=\"elementor-widget-container\">\n\t\t\t\t\t<p class=\"elementor-heading-title elementor-size-default\">Page under construction<\/p>\t\t\t\t<\/div>\n\t\t\t\t<\/div>\n\t\t<div data-particle_enable=\"false\" data-particle-mobile-disabled=\"false\" class=\"elementor-element elementor-element-1c20001 e-con-full e-flex e-con e-child\" data-id=\"1c20001\" data-element_type=\"container\" data-e-type=\"container\">\n\t\t\t\t<\/div>\n\t\t\t\t<\/div>\n\t\t\t\t<\/div>\n\t\t","protected":false},"excerpt":{"rendered":"<p>back Fill in the form Page under construction<\/p>\n","protected":false},"author":1,"featured_media":0,"parent":0,"menu_order":7,"comment_status":"closed","ping_status":"closed","template":"elementor_header_footer","meta":{"inline_featured_image":false,"ocean_post_layout":"","ocean_both_sidebars_style":"","ocean_both_sidebars_content_width":0,"ocean_both_sidebars_sidebars_width":0,"ocean_sidebar":"","ocean_second_sidebar":"","ocean_disable_margins":"enable","ocean_add_body_class":"","ocean_shortcode_before_top_bar":"","ocean_shortcode_after_top_bar":"","ocean_shortcode_before_header":"","ocean_shortcode_after_header":"","ocean_has_shortcode":"","ocean_shortcode_after_title":"","ocean_shortcode_before_footer_widgets":"","ocean_shortcode_after_footer_widgets":"","ocean_shortcode_before_footer_bottom":"","ocean_shortcode_after_footer_bottom":"","ocean_display_top_bar":"default","ocean_display_header":"default","ocean_header_style":"","ocean_center_header_left_menu":"","ocean_custom_header_template":"","ocean_custom_logo":0,"ocean_custom_retina_logo":0,"ocean_custom_logo_max_width":0,"ocean_custom_logo_tablet_max_width":0,"ocean_custom_logo_mobile_max_width":0,"ocean_custom_logo_max_height":0,"ocean_custom_logo_tablet_max_height":0,"ocean_custom_logo_mobile_max_height":0,"ocean_header_custom_menu":"","ocean_menu_typo_font_family":"","ocean_menu_typo_font_subset":"","ocean_menu_typo_font_size":0,"ocean_menu_typo_font_size_tablet":0,"ocean_menu_typo_font_size_mobile":0,"ocean_menu_typo_font_size_unit":"px","ocean_menu_typo_font_weight":"","ocean_menu_typo_font_weight_tablet":"","ocean_menu_typo_font_weight_mobile":"","ocean_menu_typo_transform":"","ocean_menu_typo_transform_tablet":"","ocean_menu_typo_transform_mobile":"","ocean_menu_typo_line_height":0,"ocean_menu_typo_line_height_tablet":0,"ocean_menu_typo_line_height_mobile":0,"ocean_menu_typo_line_height_unit":"","ocean_menu_typo_spacing":0,"ocean_menu_typo_spacing_tablet":0,"ocean_menu_typo_spacing_mobile":0,"ocean_menu_typo_spacing_unit":"","ocean_menu_link_color":"","ocean_menu_link_color_hover":"","ocean_menu_link_color_active":"","ocean_menu_link_background":"","ocean_menu_link_hover_background":"","ocean_menu_link_active_background":"","ocean_menu_social_links_bg":"","ocean_menu_social_hover_links_bg":"","ocean_menu_social_links_color":"","ocean_menu_social_hover_links_color":"","ocean_disable_title":"default","ocean_disable_heading":"default","ocean_post_title":"","ocean_post_subheading":"","ocean_post_title_style":"","ocean_post_title_background_color":"","ocean_post_title_background":0,"ocean_post_title_bg_image_position":"","ocean_post_title_bg_image_attachment":"","ocean_post_title_bg_image_repeat":"","ocean_post_title_bg_image_size":"","ocean_post_title_height":0,"ocean_post_title_bg_overlay":0.5,"ocean_post_title_bg_overlay_color":"","ocean_disable_breadcrumbs":"default","ocean_breadcrumbs_color":"","ocean_breadcrumbs_separator_color":"","ocean_breadcrumbs_links_color":"","ocean_breadcrumbs_links_hover_color":"","ocean_display_footer_widgets":"default","ocean_display_footer_bottom":"default","ocean_custom_footer_template":"","footnotes":""},"class_list":["post-6062","page","type-page","status-publish","hentry","entry"],"yoast_head":"<!-- This site is optimized with the Yoast SEO plugin v27.4 - https:\/\/yoast.com\/product\/yoast-seo-wordpress\/ -->\n<title>Contact - SABIAGRI<\/title>\n<meta name=\"description\" content=\"SABI AGRI d\u00e9carbone l&#039;agriculture gr\u00e2ce \u00e0 ses technologies durables. Nous concevons et fabriquons, en France, des tracteurs et des robots 100 % \u00e9lectriques\" \/>\n<meta name=\"robots\" content=\"index, follow, max-snippet:-1, max-image-preview:large, max-video-preview:-1\" \/>\n<link rel=\"canonical\" href=\"https:\/\/sabi-agri.com\/contact\/\" \/>\n<meta property=\"og:locale\" content=\"en_US\" \/>\n<meta property=\"og:type\" content=\"article\" \/>\n<meta property=\"og:title\" content=\"Contact - SABIAGRI\" \/>\n<meta property=\"og:description\" content=\"SABI AGRI d\u00e9carbone l&#039;agriculture gr\u00e2ce \u00e0 ses technologies durables. Nous concevons et fabriquons, en France, des tracteurs et des robots 100 % \u00e9lectriques\" \/>\n<meta property=\"og:url\" content=\"https:\/\/sabi-agri.com\/contact\/\" \/>\n<meta property=\"og:site_name\" content=\"SABIAGRI\" \/>\n<meta property=\"article:publisher\" content=\"https:\/\/www.facebook.com\/SabiAgri\" \/>\n<meta property=\"article:modified_time\" content=\"2025-12-05T14:28:23+00:00\" \/>\n<meta name=\"twitter:card\" content=\"summary_large_image\" \/>\n<meta name=\"twitter:site\" content=\"@sas_sabiagri\" \/>\n<meta name=\"twitter:label1\" content=\"Est. reading time\" \/>\n\t<meta name=\"twitter:data1\" content=\"1 minute\" \/>\n<script type=\"application\/ld+json\" class=\"yoast-schema-graph\">{\"@context\":\"https:\\\/\\\/schema.org\",\"@graph\":[{\"@type\":\"WebPage\",\"@id\":\"https:\\\/\\\/sabi-agri.com\\\/contact\\\/\",\"url\":\"https:\\\/\\\/sabi-agri.com\\\/contact\\\/\",\"name\":\"Contact - SABIAGRI\",\"isPartOf\":{\"@id\":\"https:\\\/\\\/sabi-agri.com\\\/#website\"},\"datePublished\":\"2025-01-07T14:39:09+00:00\",\"dateModified\":\"2025-12-05T14:28:23+00:00\",\"description\":\"SABI AGRI d\u00e9carbone l'agriculture gr\u00e2ce \u00e0 ses technologies durables. Nous concevons et fabriquons, en France, des tracteurs et des robots 100 % \u00e9lectriques\",\"breadcrumb\":{\"@id\":\"https:\\\/\\\/sabi-agri.com\\\/contact\\\/#breadcrumb\"},\"inLanguage\":\"en-US\",\"potentialAction\":[{\"@type\":\"ReadAction\",\"target\":[\"https:\\\/\\\/sabi-agri.com\\\/contact\\\/\"]}]},{\"@type\":\"BreadcrumbList\",\"@id\":\"https:\\\/\\\/sabi-agri.com\\\/contact\\\/#breadcrumb\",\"itemListElement\":[{\"@type\":\"ListItem\",\"position\":1,\"name\":\"Accueil\",\"item\":\"https:\\\/\\\/sabi-agri.com\\\/en\\\/\"},{\"@type\":\"ListItem\",\"position\":2,\"name\":\"Contact\"}]},{\"@type\":\"WebSite\",\"@id\":\"https:\\\/\\\/sabi-agri.com\\\/#website\",\"url\":\"https:\\\/\\\/sabi-agri.com\\\/\",\"name\":\"SABIAGRI\",\"description\":\"Les agro\u00e9quipements au service de l&#039;agro\u00e9cologie\",\"publisher\":{\"@id\":\"https:\\\/\\\/sabi-agri.com\\\/#organization\"},\"potentialAction\":[{\"@type\":\"SearchAction\",\"target\":{\"@type\":\"EntryPoint\",\"urlTemplate\":\"https:\\\/\\\/sabi-agri.com\\\/?s={search_term_string}\"},\"query-input\":{\"@type\":\"PropertyValueSpecification\",\"valueRequired\":true,\"valueName\":\"search_term_string\"}}],\"inLanguage\":\"en-US\"},{\"@type\":\"Organization\",\"@id\":\"https:\\\/\\\/sabi-agri.com\\\/#organization\",\"name\":\"SABIAGRI\",\"url\":\"https:\\\/\\\/sabi-agri.com\\\/\",\"logo\":{\"@type\":\"ImageObject\",\"inLanguage\":\"en-US\",\"@id\":\"https:\\\/\\\/sabi-agri.com\\\/#\\\/schema\\\/logo\\\/image\\\/\",\"url\":\"https:\\\/\\\/sabi-agri.com\\\/wp-content\\\/uploads\\\/2025\\\/01\\\/logo-carre-3.png\",\"contentUrl\":\"https:\\\/\\\/sabi-agri.com\\\/wp-content\\\/uploads\\\/2025\\\/01\\\/logo-carre-3.png\",\"width\":300,\"height\":223,\"caption\":\"SABIAGRI\"},\"image\":{\"@id\":\"https:\\\/\\\/sabi-agri.com\\\/#\\\/schema\\\/logo\\\/image\\\/\"},\"sameAs\":[\"https:\\\/\\\/www.facebook.com\\\/SabiAgri\",\"https:\\\/\\\/x.com\\\/sas_sabiagri\",\"https:\\\/\\\/www.instagram.com\\\/sabiagri\\\/\",\"https:\\\/\\\/www.linkedin.com\\\/company\\\/sabi-agri\\\/\",\"https:\\\/\\\/www.youtube.com\\\/channel\\\/UCM5nlLm84x8DSRiQpeIpX0A\"]}]}<\/script>\n<!-- \/ Yoast SEO plugin. -->","yoast_head_json":{"title":"Contact - SABIAGRI","description":"SABI AGRI d\u00e9carbone l'agriculture gr\u00e2ce \u00e0 ses technologies durables. Nous concevons et fabriquons, en France, des tracteurs et des robots 100 % \u00e9lectriques","robots":{"index":"index","follow":"follow","max-snippet":"max-snippet:-1","max-image-preview":"max-image-preview:large","max-video-preview":"max-video-preview:-1"},"canonical":"https:\/\/sabi-agri.com\/contact\/","og_locale":"en_US","og_type":"article","og_title":"Contact - SABIAGRI","og_description":"SABI AGRI d\u00e9carbone l'agriculture gr\u00e2ce \u00e0 ses technologies durables. Nous concevons et fabriquons, en France, des tracteurs et des robots 100 % \u00e9lectriques","og_url":"https:\/\/sabi-agri.com\/contact\/","og_site_name":"SABIAGRI","article_publisher":"https:\/\/www.facebook.com\/SabiAgri","article_modified_time":"2025-12-05T14:28:23+00:00","twitter_card":"summary_large_image","twitter_site":"@sas_sabiagri","twitter_misc":{"Est. reading time":"1 minute"},"schema":{"@context":"https:\/\/schema.org","@graph":[{"@type":"WebPage","@id":"https:\/\/sabi-agri.com\/contact\/","url":"https:\/\/sabi-agri.com\/contact\/","name":"Contact - SABIAGRI","isPartOf":{"@id":"https:\/\/sabi-agri.com\/#website"},"datePublished":"2025-01-07T14:39:09+00:00","dateModified":"2025-12-05T14:28:23+00:00","description":"SABI AGRI d\u00e9carbone l'agriculture gr\u00e2ce \u00e0 ses technologies durables. Nous concevons et fabriquons, en France, des tracteurs et des robots 100 % \u00e9lectriques","breadcrumb":{"@id":"https:\/\/sabi-agri.com\/contact\/#breadcrumb"},"inLanguage":"en-US","potentialAction":[{"@type":"ReadAction","target":["https:\/\/sabi-agri.com\/contact\/"]}]},{"@type":"BreadcrumbList","@id":"https:\/\/sabi-agri.com\/contact\/#breadcrumb","itemListElement":[{"@type":"ListItem","position":1,"name":"Accueil","item":"https:\/\/sabi-agri.com\/en\/"},{"@type":"ListItem","position":2,"name":"Contact"}]},{"@type":"WebSite","@id":"https:\/\/sabi-agri.com\/#website","url":"https:\/\/sabi-agri.com\/","name":"SABIAGRI","description":"Les agro\u00e9quipements au service de l&#039;agro\u00e9cologie","publisher":{"@id":"https:\/\/sabi-agri.com\/#organization"},"potentialAction":[{"@type":"SearchAction","target":{"@type":"EntryPoint","urlTemplate":"https:\/\/sabi-agri.com\/?s={search_term_string}"},"query-input":{"@type":"PropertyValueSpecification","valueRequired":true,"valueName":"search_term_string"}}],"inLanguage":"en-US"},{"@type":"Organization","@id":"https:\/\/sabi-agri.com\/#organization","name":"SABIAGRI","url":"https:\/\/sabi-agri.com\/","logo":{"@type":"ImageObject","inLanguage":"en-US","@id":"https:\/\/sabi-agri.com\/#\/schema\/logo\/image\/","url":"https:\/\/sabi-agri.com\/wp-content\/uploads\/2025\/01\/logo-carre-3.png","contentUrl":"https:\/\/sabi-agri.com\/wp-content\/uploads\/2025\/01\/logo-carre-3.png","width":300,"height":223,"caption":"SABIAGRI"},"image":{"@id":"https:\/\/sabi-agri.com\/#\/schema\/logo\/image\/"},"sameAs":["https:\/\/www.facebook.com\/SabiAgri","https:\/\/x.com\/sas_sabiagri","https:\/\/www.instagram.com\/sabiagri\/","https:\/\/www.linkedin.com\/company\/sabi-agri\/","https:\/\/www.youtube.com\/channel\/UCM5nlLm84x8DSRiQpeIpX0A"]}]}},"_links":{"self":[{"href":"https:\/\/sabi-agri.com\/en\/wp-json\/wp\/v2\/pages\/6062","targetHints":{"allow":["GET"]}}],"collection":[{"href":"https:\/\/sabi-agri.com\/en\/wp-json\/wp\/v2\/pages"}],"about":[{"href":"https:\/\/sabi-agri.com\/en\/wp-json\/wp\/v2\/types\/page"}],"author":[{"embeddable":true,"href":"https:\/\/sabi-agri.com\/en\/wp-json\/wp\/v2\/users\/1"}],"replies":[{"embeddable":true,"href":"https:\/\/sabi-agri.com\/en\/wp-json\/wp\/v2\/comments?post=6062"}],"version-history":[{"count":12,"href":"https:\/\/sabi-agri.com\/en\/wp-json\/wp\/v2\/pages\/6062\/revisions"}],"predecessor-version":[{"id":7047,"href":"https:\/\/sabi-agri.com\/en\/wp-json\/wp\/v2\/pages\/6062\/revisions\/7047"}],"wp:attachment":[{"href":"https:\/\/sabi-agri.com\/en\/wp-json\/wp\/v2\/media?parent=6062"}],"curies":[{"name":"wp","href":"https:\/\/api.w.org\/{rel}","templated":true}]}}